{"id":816,"date":"2025-09-01T18:46:15","date_gmt":"2025-09-01T18:46:15","guid":{"rendered":"https:\/\/seontour.com\/?page_id=816"},"modified":"2025-09-04T13:43:25","modified_gmt":"2025-09-04T13:43:25","slug":"abu-dhabi-sehir-turu","status":"publish","type":"page","link":"https:\/\/seontour.com\/index.php\/abu-dhabi-sehir-turu\/","title":{"rendered":"Abu Dhabi \u015eehir Turu"},"content":{"rendered":"\t\t<div data-elementor-type=\"wp-page\" data-elementor-id=\"816\" class=\"elementor elementor-816\">\n\t\t\t\t<div class=\"elementor-element elementor-element-932d1fb e-flex e-con-boxed e-con e-parent\" data-id=\"932d1fb\" data-element_type=\"container\">\n\t\t\t\t\t<div class=\"e-con-inner\">\n\t\t\t\t<div class=\"elementor-element elementor-element-21db9ec elementor-widget elementor-widget-heading\" data-id=\"21db9ec\" data-element_type=\"widget\" data-widget_type=\"heading.default\">\n\t\t\t\t\t<h2 class=\"elementor-heading-title elementor-size-default\">Seontour ile Abu Dhabi'yi Ke\u015ffet<\/h2>\t\t\t\t<\/div>\n\t\t\t\t<div class=\"elementor-element elementor-element-f61e388 elementor-widget elementor-widget-text-editor\" data-id=\"f61e388\" data-element_type=\"widget\" data-widget_type=\"text-editor.default\">\n\t\t\t\t\t\t\t\t\t<p data-start=\"185\" data-end=\"525\">Birle\u015fik Arap Emirlikleri\u2019nin ba\u015fkenti Abu Dhabi, g\u00f6rkemi ve sakinli\u011fiyle ziyaret\u00e7ilerini b\u00fcy\u00fcleyen \u00f6zel bir \u015fehirdir. <strong data-start=\"304\" data-end=\"328\">Abu Dhabi \u015fehir turu<\/strong>, bu k\u00fclt\u00fcr ve modernli\u011fi bir arada ya\u015fatan kenti ke\u015ffetmenin en g\u00fczel yoludur. Tur boyunca g\u00f6z kama\u015ft\u0131r\u0131c\u0131 <strong data-start=\"436\" data-end=\"463\">\u015eeyh Zayed Grand Mosque<\/strong>, beyaz mermeri ve ihti\u015faml\u0131 mimarisiyle sizi adeta b\u00fcy\u00fcler.<\/p><p data-start=\"527\" data-end=\"914\">K\u00fclt\u00fcr ve sanatla ilgilenenler i\u00e7in d\u00fcnya \u00e7ap\u0131nda \u00fcnl\u00fc <strong data-start=\"582\" data-end=\"609\">Louvre Abu Dhabi M\u00fczesi<\/strong>, e\u015fsiz koleksiyonlar\u0131yla unutulmaz bir deneyim sunar. <strong data-start=\"664\" data-end=\"684\">Heritage Village<\/strong> ise geleneksel ya\u015fam\u0131 ke\u015ffetmek isteyenlere, Abu Dhabi\u2019nin ge\u00e7mi\u015finden izler ta\u015f\u0131r. <strong data-start=\"769\" data-end=\"788\">Corniche sahili<\/strong> boyunca yapaca\u011f\u0131n\u0131z k\u0131sa bir y\u00fcr\u00fcy\u00fc\u015fte, hem denizin huzurunu hisseder hem de modern g\u00f6kdelenlerin ihti\u015fam\u0131n\u0131 seyredersiniz.<\/p><p data-start=\"916\" data-end=\"1130\"><strong data-start=\"916\" data-end=\"940\">Abu Dhabi \u015fehir turu<\/strong> s\u0131ras\u0131nda Ferrari World veya Warner Bros gibi tema parklar\u0131nda e\u011flenceli bir mola da verebilirsiniz. \u0130ster k\u00fclt\u00fcrel bir ke\u015fif, ister keyifli bir gezi olsun; bu tur her gezgine hitap eder.<\/p><p data-start=\"1132\" data-end=\"1287\">K\u0131sacas\u0131, <strong data-start=\"1142\" data-end=\"1166\">Abu Dhabi \u015fehir turu<\/strong> sadece bir yolculuk de\u011fil, Do\u011fu ile Bat\u0131\u2019n\u0131n bulu\u015ftu\u011fu unutulmaz bir deneyimdir. Haz\u0131r olun, bu \u015fehir sizi \u015fa\u015f\u0131rtacak.<\/p>\t\t\t\t\t\t\t\t<\/div>\n\t\t\t\t\t<\/div>\n\t\t\t\t<\/div>\n\t\t<div class=\"elementor-element elementor-element-972f6d4 e-flex e-con-boxed e-con e-parent\" data-id=\"972f6d4\" data-element_type=\"container\">\n\t\t\t\t\t<div class=\"e-con-inner\">\n\t\t\t\t<div class=\"elementor-element elementor-element-7c459ea elementor-widget elementor-widget-gva-gallery\" data-id=\"7c459ea\" data-element_type=\"widget\" data-widget_type=\"gva-gallery.default\">\n\t\t\t\t<div class=\"elementor-widget-container\">\n\t\t\t\t\t<div class=\"gva-element-gva-gallery gva-element\">  \r\n  \t<div class=\"gva-gallery-grid clearfix \">\r\n\t\t<div class=\"gva-content-items\"> \r\n\t\t  \t<div class=\"lg-block-grid-3 md-block-grid-3 sm-block-grid-2 xs-block-grid-1 xx-block-grid-1\">\r\n\t\t\t \t<div class=\"item\">   <div class=\"gallery-one__single\">\r\n               <div class=\"gallery-one__image\">\r\n            <img decoding=\"async\" src=\"https:\/\/seontour.com\/wp-content\/uploads\/2025\/09\/3da7e9ff0918ebce937058d8b07cda45-600x500.jpg\" alt=\"Sheikh Zayed Camii\" \/>  \r\n         <\/div>\r\n         <a class=\"gallery-one__photo\" href=\"https:\/\/seontour.com\/wp-content\/uploads\/2025\/09\/3da7e9ff0918ebce937058d8b07cda45.jpg\" data-elementor-lightbox-slideshow=\"gallery-4joq\"><i class=\"fa-solid fa-expand\"><\/i><\/a>\r\n      \r\n      <div class=\"gallery-one__content\">\r\n         <div class=\"gallery-one__content-inner\">\r\n         \t               <div class=\"gallery-one__sub-title\">Ke\u015ffet<\/div>\r\n                                       <h3 class=\"gallery-one__title\">Sheikh Zayed Camii<\/h3>\r\n                     <\/div>   \r\n      <\/div>\r\n   <\/div>\r\n \r\n <\/div><div class=\"item\">   <div class=\"gallery-one__single\">\r\n               <div class=\"gallery-one__image\">\r\n            <img decoding=\"async\" src=\"https:\/\/seontour.com\/wp-content\/uploads\/2025\/09\/e8a0577f73b45d79d35b8957966e5545-600x500.jpg\" alt=\"Emirates Palace\" \/>  \r\n         <\/div>\r\n         <a class=\"gallery-one__photo\" href=\"https:\/\/seontour.com\/wp-content\/uploads\/2025\/09\/e8a0577f73b45d79d35b8957966e5545.jpg\" data-elementor-lightbox-slideshow=\"gallery-4joq\"><i class=\"fa-solid fa-expand\"><\/i><\/a>\r\n      \r\n      <div class=\"gallery-one__content\">\r\n         <div class=\"gallery-one__content-inner\">\r\n         \t               <div class=\"gallery-one__sub-title\">Ke\u015ffet<\/div>\r\n                                       <h3 class=\"gallery-one__title\">Emirates Palace<\/h3>\r\n                     <\/div>   \r\n      <\/div>\r\n   <\/div>\r\n \r\n <\/div><div class=\"item\">   <div class=\"gallery-one__single\">\r\n               <div class=\"gallery-one__image\">\r\n            <img decoding=\"async\" src=\"https:\/\/seontour.com\/wp-content\/uploads\/2025\/09\/125f2c2f50995044146d942c72974d24-600x500.jpg\" alt=\"Louvre Museum\" \/>  \r\n         <\/div>\r\n         <a class=\"gallery-one__photo\" href=\"https:\/\/seontour.com\/wp-content\/uploads\/2025\/09\/125f2c2f50995044146d942c72974d24.jpg\" data-elementor-lightbox-slideshow=\"gallery-4joq\"><i class=\"fa-solid fa-expand\"><\/i><\/a>\r\n      \r\n      <div class=\"gallery-one__content\">\r\n         <div class=\"gallery-one__content-inner\">\r\n         \t               <div class=\"gallery-one__sub-title\">Ke\u015ffet<\/div>\r\n                                       <h3 class=\"gallery-one__title\">Louvre Museum<\/h3>\r\n                     <\/div>   \r\n      <\/div>\r\n   <\/div>\r\n \r\n <\/div><div class=\"item\">   <div class=\"gallery-one__single\">\r\n               <div class=\"gallery-one__image\">\r\n            <img decoding=\"async\" src=\"https:\/\/seontour.com\/wp-content\/uploads\/2025\/09\/4bbd274727601aaceb841a3b4ff978c4-600x500.jpg\" alt=\"Ferrari World\" \/>  \r\n         <\/div>\r\n         <a class=\"gallery-one__photo\" href=\"https:\/\/seontour.com\/wp-content\/uploads\/2025\/09\/4bbd274727601aaceb841a3b4ff978c4.jpg\" data-elementor-lightbox-slideshow=\"gallery-4joq\"><i class=\"fa-solid fa-expand\"><\/i><\/a>\r\n      \r\n      <div class=\"gallery-one__content\">\r\n         <div class=\"gallery-one__content-inner\">\r\n         \t               <div class=\"gallery-one__sub-title\">Ke\u015ffet<\/div>\r\n                                       <h3 class=\"gallery-one__title\">Ferrari World<\/h3>\r\n                     <\/div>   \r\n      <\/div>\r\n   <\/div>\r\n \r\n <\/div><div class=\"item\">   <div class=\"gallery-one__single\">\r\n               <div class=\"gallery-one__image\">\r\n            <img decoding=\"async\" src=\"https:\/\/seontour.com\/wp-content\/uploads\/2025\/09\/8bf514d965fa12e1621e575a1ac6dd5e-600x500.jpg\" alt=\"Yas Island\" \/>  \r\n         <\/div>\r\n         <a class=\"gallery-one__photo\" href=\"https:\/\/seontour.com\/wp-content\/uploads\/2025\/09\/8bf514d965fa12e1621e575a1ac6dd5e.jpg\" data-elementor-lightbox-slideshow=\"gallery-4joq\"><i class=\"fa-solid fa-expand\"><\/i><\/a>\r\n      \r\n      <div class=\"gallery-one__content\">\r\n         <div class=\"gallery-one__content-inner\">\r\n         \t               <div class=\"gallery-one__sub-title\">Ke\u015ffet<\/div>\r\n                                       <h3 class=\"gallery-one__title\">Yas Island<\/h3>\r\n                     <\/div>   \r\n      <\/div>\r\n   <\/div>\r\n \r\n <\/div><div class=\"item\">   <div class=\"gallery-one__single\">\r\n               <div class=\"gallery-one__image\">\r\n            <img decoding=\"async\" src=\"https:\/\/seontour.com\/wp-content\/uploads\/2025\/09\/2c77660bc576914673b153e28148f222-600x500.jpg\" alt=\"Abrahamic Family House\" \/>  \r\n         <\/div>\r\n         <a class=\"gallery-one__photo\" href=\"https:\/\/seontour.com\/wp-content\/uploads\/2025\/09\/2c77660bc576914673b153e28148f222.jpg\" data-elementor-lightbox-slideshow=\"gallery-4joq\"><i class=\"fa-solid fa-expand\"><\/i><\/a>\r\n      \r\n      <div class=\"gallery-one__content\">\r\n         <div class=\"gallery-one__content-inner\">\r\n         \t               <div class=\"gallery-one__sub-title\">Ke\u015ffet<\/div>\r\n                                       <h3 class=\"gallery-one__title\">Abrahamic Family House<\/h3>\r\n                     <\/div>   \r\n      <\/div>\r\n   <\/div>\r\n \r\n <\/div>\t\t  \t<\/div>\r\n\t\t<\/div>\r\n  \t<\/div>\r\n<\/div>\t\t\t\t<\/div>\n\t\t\t\t<\/div>\n\t\t\t\t\t<\/div>\n\t\t\t\t<\/div>\n\t\t\t\t<\/div>\n\t\t","protected":false},"excerpt":{"rendered":"<p>Seontour ile Abu Dhabi&#8217;yi Ke\u015ffet Birle\u015fik Arap Emirlikleri\u2019nin ba\u015fkenti Abu Dhabi, g\u00f6rkemi ve sakinli\u011fiyle ziyaret\u00e7ilerini b\u00fcy\u00fcleyen \u00f6zel bir \u015fehirdir. Abu Dhabi \u015fehir turu, bu k\u00fclt\u00fcr ve modernli\u011fi bir arada ya\u015fatan [&hellip;]<\/p>\n","protected":false},"author":1,"featured_media":0,"parent":0,"menu_order":0,"comment_status":"closed","ping_status":"closed","template":"","meta":{"footnotes":""},"class_list":["post-816","page","type-page","status-publish","hentry"],"aioseo_notices":[],"_links":{"self":[{"href":"https:\/\/seontour.com\/index.php\/wp-json\/wp\/v2\/pages\/816","targetHints":{"allow":["GET"]}}],"collection":[{"href":"https:\/\/seontour.com\/index.php\/wp-json\/wp\/v2\/pages"}],"about":[{"href":"https:\/\/seontour.com\/index.php\/wp-json\/wp\/v2\/types\/page"}],"author":[{"embeddable":true,"href":"https:\/\/seontour.com\/index.php\/wp-json\/wp\/v2\/users\/1"}],"replies":[{"embeddable":true,"href":"https:\/\/seontour.com\/index.php\/wp-json\/wp\/v2\/comments?post=816"}],"version-history":[{"count":14,"href":"https:\/\/seontour.com\/index.php\/wp-json\/wp\/v2\/pages\/816\/revisions"}],"predecessor-version":[{"id":996,"href":"https:\/\/seontour.com\/index.php\/wp-json\/wp\/v2\/pages\/816\/revisions\/996"}],"wp:attachment":[{"href":"https:\/\/seontour.com\/index.php\/wp-json\/wp\/v2\/media?parent=816"}],"curies":[{"name":"wp","href":"https:\/\/api.w.org\/{rel}","templated":true}]}}